{"id":3594,"date":"2024-08-13T13:26:55","date_gmt":"2024-08-13T13:26:55","guid":{"rendered":"https:\/\/garanticesufuturo.com\/?page_id=3594"},"modified":"2024-08-13T13:27:29","modified_gmt":"2024-08-13T13:27:29","slug":"revisa-tus-seguros","status":"publish","type":"page","link":"https:\/\/garanticesufuturo.com\/en\/revisa-tus-seguros\/","title":{"rendered":"\u00a1Revisa tus seguros!"},"content":{"rendered":"<div data-elementor-type=\"wp-page\" data-elementor-id=\"3594\" class=\"elementor elementor-3594\" data-elementor-post-type=\"page\">\n\t\t\t\t\t\t<section class=\"elementor-section elementor-top-section elementor-element elementor-element-53d620d elementor-section-boxed elementor-section-height-default elementor-section-height-default\" data-id=\"53d620d\" data-element_type=\"section\" data-e-type=\"section\">\n\t\t\t\t\t\t<div class=\"elementor-container elementor-column-gap-default\">\n\t\t\t\t\t<div class=\"elementor-column elementor-col-100 elementor-top-column elementor-element elementor-element-5931eac\" data-id=\"5931eac\" data-element_type=\"column\" data-e-type=\"column\">\n\t\t\t<div class=\"elementor-widget-wrap elementor-element-populated\">\n\t\t\t\t\t\t<div class=\"elementor-element elementor-element-d4bd2f5 elementor-widget elementor-widget-spacer\" data-id=\"d4bd2f5\" data-element_type=\"widget\" data-e-type=\"widget\" data-widget_type=\"spacer.default\">\n\t\t\t\t\t\t\t<div class=\"elementor-spacer\">\n\t\t\t<div class=\"elementor-spacer-inner\"><\/div>\n\t\t<\/div>\n\t\t\t\t\t\t<\/div>\n\t\t\t\t\t<\/div>\n\t\t<\/div>\n\t\t\t\t\t<\/div>\n\t\t<\/section>\n\t\t\t\t<section class=\"elementor-section elementor-top-section elementor-element elementor-element-94e4736 elementor-section-boxed elementor-section-height-default elementor-section-height-default\" data-id=\"94e4736\" data-element_type=\"section\" data-e-type=\"section\">\n\t\t\t\t\t\t<div class=\"elementor-container elementor-column-gap-default\">\n\t\t\t\t\t<div class=\"elementor-column elementor-col-100 elementor-top-column elementor-element elementor-element-fc04057\" data-id=\"fc04057\" data-element_type=\"column\" data-e-type=\"column\">\n\t\t\t<div class=\"elementor-widget-wrap\">\n\t\t\t\t\t\t\t<\/div>\n\t\t<\/div>\n\t\t\t\t\t<\/div>\n\t\t<\/section>\n\t\t\t\t<section class=\"elementor-section elementor-top-section elementor-element elementor-element-52ad233 elementor-section-boxed elementor-section-height-default elementor-section-height-default\" data-id=\"52ad233\" data-element_type=\"section\" data-e-type=\"section\">\n\t\t\t\t\t\t<div class=\"elementor-container elementor-column-gap-default\">\n\t\t\t\t\t<div class=\"elementor-column elementor-col-100 elementor-top-column elementor-element elementor-element-8a17358\" data-id=\"8a17358\" data-element_type=\"column\" data-e-type=\"column\">\n\t\t\t<div class=\"elementor-widget-wrap elementor-element-populated\">\n\t\t\t\t\t\t<div class=\"elementor-element elementor-element-c4913c0 elementor-widget elementor-widget-heading\" data-id=\"c4913c0\" data-element_type=\"widget\" data-e-type=\"widget\" data-widget_type=\"heading.default\">\n\t\t\t\t\t<h2 class=\"elementor-heading-title elementor-size-default\"><a href=\"https:\/\/garanticesufuturo.com\/en\/el-blog\/\">VOLVER AL BLOG<\/a><\/h2>\t\t\t\t<\/div>\n\t\t\t\t\t<\/div>\n\t\t<\/div>\n\t\t\t\t\t<\/div>\n\t\t<\/section>\n\t\t\t\t<section class=\"elementor-section elementor-top-section elementor-element elementor-element-b464a8a elementor-section-boxed elementor-section-height-default elementor-section-height-default\" data-id=\"b464a8a\" data-element_type=\"section\" data-e-type=\"section\">\n\t\t\t\t\t\t<div class=\"elementor-container elementor-column-gap-default\">\n\t\t\t\t\t<div class=\"elementor-column elementor-col-100 elementor-top-column elementor-element elementor-element-e12eb3f\" data-id=\"e12eb3f\" data-element_type=\"column\" data-e-type=\"column\">\n\t\t\t<div class=\"elementor-widget-wrap elementor-element-populated\">\n\t\t\t\t\t\t<div class=\"elementor-element elementor-element-b85de23 elementor-widget elementor-widget-heading\" data-id=\"b85de23\" data-element_type=\"widget\" data-e-type=\"widget\" data-widget_type=\"heading.default\">\n\t\t\t\t\t<h2 class=\"elementor-heading-title elementor-size-default\">\u00a1Revisa tus seguros!<\/h2>\t\t\t\t<\/div>\n\t\t\t\t\t<\/div>\n\t\t<\/div>\n\t\t\t\t\t<\/div>\n\t\t<\/section>\n\t\t\t\t<section class=\"elementor-section elementor-top-section elementor-element elementor-element-68ee143 elementor-section-boxed elementor-section-height-default elementor-section-height-default\" data-id=\"68ee143\" data-element_type=\"section\" data-e-type=\"section\">\n\t\t\t\t\t\t<div class=\"elementor-container elementor-column-gap-default\">\n\t\t\t\t\t<div class=\"elementor-column elementor-col-100 elementor-top-column elementor-element elementor-element-74f4f23\" data-id=\"74f4f23\" data-element_type=\"column\" data-e-type=\"column\">\n\t\t\t<div class=\"elementor-widget-wrap\">\n\t\t\t\t\t\t\t<\/div>\n\t\t<\/div>\n\t\t\t\t\t<\/div>\n\t\t<\/section>\n\t\t\t\t<section class=\"elementor-section elementor-top-section elementor-element elementor-element-a0b68d3 elementor-section-boxed elementor-section-height-default elementor-section-height-default\" data-id=\"a0b68d3\" data-element_type=\"section\" data-e-type=\"section\">\n\t\t\t\t\t\t<div class=\"elementor-container elementor-column-gap-default\">\n\t\t\t\t\t<div class=\"elementor-column elementor-col-100 elementor-top-column elementor-element elementor-element-7e148de\" data-id=\"7e148de\" data-element_type=\"column\" data-e-type=\"column\">\n\t\t\t<div class=\"elementor-widget-wrap\">\n\t\t\t\t\t\t\t<\/div>\n\t\t<\/div>\n\t\t\t\t\t<\/div>\n\t\t<\/section>\n\t\t\t\t<section class=\"elementor-section elementor-top-section elementor-element elementor-element-1f3c6e9 elementor-section-boxed elementor-section-height-default elementor-section-height-default\" data-id=\"1f3c6e9\" data-element_type=\"section\" data-e-type=\"section\">\n\t\t\t\t\t\t<div class=\"elementor-container elementor-column-gap-default\">\n\t\t\t\t\t<div class=\"elementor-column elementor-col-100 elementor-top-column elementor-element elementor-element-d0c0534\" data-id=\"d0c0534\" data-element_type=\"column\" data-e-type=\"column\">\n\t\t\t<div class=\"elementor-widget-wrap elementor-element-populated\">\n\t\t\t\t\t\t<div class=\"elementor-element elementor-element-8581485 elementor-widget elementor-widget-image\" data-id=\"8581485\" data-element_type=\"widget\" data-e-type=\"widget\" data-widget_type=\"image.default\">\n\t\t\t\t\t\t\t\t\t\t\t\t\t\t\t<img decoding=\"async\" data-src=\"https:\/\/garanticesufuturo.com\/wp-content\/uploads\/2024\/08\/5.-seguro-02-scaled.jpg\" title=\"5. seguro-02\" alt=\"5. seguro-02\" src=\"data:image\/svg+xml;base64,PHN2ZyB3aWR0aD0iMSIgaGVpZ2h0PSIxIiB4bWxucz0iaHR0cDovL3d3dy53My5vcmcvMjAwMC9zdmciPjwvc3ZnPg==\" class=\"lazyload\" style=\"--smush-placeholder-width: 2560px; --smush-placeholder-aspect-ratio: 2560\/707;\" \/>\t\t\t\t\t\t\t\t\t\t\t\t\t\t\t<\/div>\n\t\t\t\t<div class=\"elementor-element elementor-element-6100f7b elementor-widget elementor-widget-text-editor\" data-id=\"6100f7b\" data-element_type=\"widget\" data-e-type=\"widget\" data-widget_type=\"text-editor.default\">\n\t\t\t\t\t\t\t\t\t<p>Revisar sus diferentes tipos de seguro es una tarea de todos los a\u00f1os. A nivel financiero, el mayor riesgo al que las personas estamos expuestos es a la reducci\u00f3n temporal de nuestros ingresos o al incremento inesperado de los gastos.<\/p>\t\t\t\t\t\t\t\t<\/div>\n\t\t\t\t\t<\/div>\n\t\t<\/div>\n\t\t\t\t\t<\/div>\n\t\t<\/section>\n\t\t\t\t<section class=\"elementor-section elementor-top-section elementor-element elementor-element-3a8bd05 elementor-section-boxed elementor-section-height-default elementor-section-height-default\" data-id=\"3a8bd05\" data-element_type=\"section\" data-e-type=\"section\">\n\t\t\t\t\t\t<div class=\"elementor-container elementor-column-gap-default\">\n\t\t\t\t\t<div class=\"elementor-column elementor-col-100 elementor-top-column elementor-element elementor-element-25686af\" data-id=\"25686af\" data-element_type=\"column\" data-e-type=\"column\">\n\t\t\t<div class=\"elementor-widget-wrap elementor-element-populated\">\n\t\t\t\t\t\t<div class=\"elementor-element elementor-element-1e15821 elementor-widget elementor-widget-text-editor\" data-id=\"1e15821\" data-element_type=\"widget\" data-e-type=\"widget\" data-widget_type=\"text-editor.default\">\n\t\t\t\t\t\t\t\t\t<p>There are two ways to manage the risk of uncertainty in our income and expenses: through a reserve fund and through insurance policies.<\/p>\t\t\t\t\t\t\t\t<\/div>\n\t\t\t\t\t<\/div>\n\t\t<\/div>\n\t\t\t\t\t<\/div>\n\t\t<\/section>\n\t\t\t\t<section class=\"elementor-section elementor-top-section elementor-element elementor-element-4c6b659 elementor-section-boxed elementor-section-height-default elementor-section-height-default\" data-id=\"4c6b659\" data-element_type=\"section\" data-e-type=\"section\">\n\t\t\t\t\t\t<div class=\"elementor-container elementor-column-gap-default\">\n\t\t\t\t\t<div class=\"elementor-column elementor-col-100 elementor-top-column elementor-element elementor-element-054304a\" data-id=\"054304a\" data-element_type=\"column\" data-e-type=\"column\">\n\t\t\t<div class=\"elementor-widget-wrap elementor-element-populated\">\n\t\t\t\t\t\t<div class=\"elementor-element elementor-element-d588a28 elementor-widget elementor-widget-text-editor\" data-id=\"d588a28\" data-element_type=\"widget\" data-e-type=\"widget\" data-widget_type=\"text-editor.default\">\n\t\t\t\t\t\t\t\t\t<p>El fondo de reserva puede estar compuesto por <strong>ahorros en efectivo y por cupos de cr\u00e9dito disponible<\/strong>. En general los expertos recomiendan que su fondo de reserva debe ayudarlo para que usted pueda continuar con su nivel de vida por seis meses. Los seis meses no son una cifra sacada del sobrero de un mago. La industria de los seguros ha demostrado que m\u00e1s del 90% de los problemas financieros son de car\u00e1cter temporal y tienen soluci\u00f3n en un periodo inferior a seis meses.<\/p>\t\t\t\t\t\t\t\t<\/div>\n\t\t\t\t\t<\/div>\n\t\t<\/div>\n\t\t\t\t\t<\/div>\n\t\t<\/section>\n\t\t\t\t<section class=\"elementor-section elementor-top-section elementor-element elementor-element-a48db66 elementor-section-boxed elementor-section-height-default elementor-section-height-default\" data-id=\"a48db66\" data-element_type=\"section\" data-e-type=\"section\">\n\t\t\t\t\t\t<div class=\"elementor-container elementor-column-gap-default\">\n\t\t\t\t\t<div class=\"elementor-column elementor-col-100 elementor-top-column elementor-element elementor-element-ab1713b\" data-id=\"ab1713b\" data-element_type=\"column\" data-e-type=\"column\">\n\t\t\t<div class=\"elementor-widget-wrap elementor-element-populated\">\n\t\t\t\t\t\t<div class=\"elementor-element elementor-element-d1874fa elementor-widget elementor-widget-text-editor\" data-id=\"d1874fa\" data-element_type=\"widget\" data-e-type=\"widget\" data-widget_type=\"text-editor.default\">\n\t\t\t\t\t\t\t\t\t<p>Si los problemas financieros duran mas de seis meses lo mas seguro es que no sean de car\u00e1cter temporales sino permanentes. Para administrar riesgos de tipo permanente se requiere usar p\u00f3lizas de seguros para transferir el riesgo a las compa\u00f1\u00edas de seguro.<\/p>\t\t\t\t\t\t\t\t<\/div>\n\t\t\t\t\t<\/div>\n\t\t<\/div>\n\t\t\t\t\t<\/div>\n\t\t<\/section>\n\t\t\t\t<section class=\"elementor-section elementor-top-section elementor-element elementor-element-1030d8c elementor-section-boxed elementor-section-height-default elementor-section-height-default\" data-id=\"1030d8c\" data-element_type=\"section\" data-e-type=\"section\">\n\t\t\t\t\t\t<div class=\"elementor-container elementor-column-gap-default\">\n\t\t\t\t\t<div class=\"elementor-column elementor-col-100 elementor-top-column elementor-element elementor-element-46b7a70\" data-id=\"46b7a70\" data-element_type=\"column\" data-e-type=\"column\">\n\t\t\t<div class=\"elementor-widget-wrap elementor-element-populated\">\n\t\t\t\t\t\t<div class=\"elementor-element elementor-element-1ab3e24 elementor-widget elementor-widget-text-editor\" data-id=\"1ab3e24\" data-element_type=\"widget\" data-e-type=\"widget\" data-widget_type=\"text-editor.default\">\n\t\t\t\t\t\t\t\t\t<p>Uno debe <strong>revisar todas sus p\u00f3lizas de seguro peri\u00f3dicamente<\/strong>. Por ejemplo, su p\u00f3liza de seguro de vida debe ser revisada cada vez que haya un cambio importante en su vida, como, por ejemplo, el nacimiento de un hijo, un matrimonio o un divorcio, un ascenso en el trabajo, la compra de una casa etc.<\/p>\t\t\t\t\t\t\t\t<\/div>\n\t\t\t\t\t<\/div>\n\t\t<\/div>\n\t\t\t\t\t<\/div>\n\t\t<\/section>\n\t\t\t\t<section class=\"elementor-section elementor-top-section elementor-element elementor-element-10911e8 elementor-section-boxed elementor-section-height-default elementor-section-height-default\" data-id=\"10911e8\" data-element_type=\"section\" data-e-type=\"section\">\n\t\t\t\t\t\t<div class=\"elementor-container elementor-column-gap-default\">\n\t\t\t\t\t<div class=\"elementor-column elementor-col-100 elementor-top-column elementor-element elementor-element-1bd7da3\" data-id=\"1bd7da3\" data-element_type=\"column\" data-e-type=\"column\">\n\t\t\t<div class=\"elementor-widget-wrap elementor-element-populated\">\n\t\t\t\t\t\t<div class=\"elementor-element elementor-element-50b0e71 elementor-widget elementor-widget-text-editor\" data-id=\"50b0e71\" data-element_type=\"widget\" data-e-type=\"widget\" data-widget_type=\"text-editor.default\">\n\t\t\t\t\t\t\t\t\t<p>Otro tipo de p\u00f3liza que debe revisarse peri\u00f3dicamente es la del <strong>seguro por discapacidad<\/strong>. Muchas personas conf\u00edan \u00fanicamente en el seguro por discapacidad del Seguro Social. Sin embargo, la realidad es que el Seguro Social rechaza dos de cada tres solicitudes que recibe. El seguro por discapacidad del Seguro Social solo se lo dan a aquellas personas que quedan tan seriamente afectadas en su salud que no pueden realizar ning\u00fan tipo de trabajo.<br \/><br \/><\/p>\t\t\t\t\t\t\t\t<\/div>\n\t\t\t\t\t<\/div>\n\t\t<\/div>\n\t\t\t\t\t<\/div>\n\t\t<\/section>\n\t\t\t\t<section class=\"elementor-section elementor-top-section elementor-element elementor-element-b0a82b6 elementor-section-boxed elementor-section-height-default elementor-section-height-default\" data-id=\"b0a82b6\" data-element_type=\"section\" data-e-type=\"section\">\n\t\t\t\t\t\t<div class=\"elementor-container elementor-column-gap-default\">\n\t\t\t\t\t<div class=\"elementor-column elementor-col-100 elementor-top-column elementor-element elementor-element-e0ab11e\" data-id=\"e0ab11e\" data-element_type=\"column\" data-e-type=\"column\">\n\t\t\t<div class=\"elementor-widget-wrap elementor-element-populated\">\n\t\t\t\t\t\t<div class=\"elementor-element elementor-element-7f98e3e elementor-widget elementor-widget-text-editor\" data-id=\"7f98e3e\" data-element_type=\"widget\" data-e-type=\"widget\" data-widget_type=\"text-editor.default\">\n\t\t\t\t\t\t\t\t\t<h2><span style=\"color: #333399;\"><strong>For this reason, it is necessary for individuals to have a separate disability insurance policy that complements Social Security.<\/strong><\/span><\/h2>\t\t\t\t\t\t\t\t<\/div>\n\t\t\t\t\t<\/div>\n\t\t<\/div>\n\t\t\t\t\t<\/div>\n\t\t<\/section>\n\t\t\t\t<section class=\"elementor-section elementor-top-section elementor-element elementor-element-13bbfe2 elementor-section-boxed elementor-section-height-default elementor-section-height-default\" data-id=\"13bbfe2\" data-element_type=\"section\" data-e-type=\"section\">\n\t\t\t\t\t\t<div class=\"elementor-container elementor-column-gap-default\">\n\t\t\t\t\t<div class=\"elementor-column elementor-col-100 elementor-top-column elementor-element elementor-element-0bb6ccc\" data-id=\"0bb6ccc\" data-element_type=\"column\" data-e-type=\"column\">\n\t\t\t<div class=\"elementor-widget-wrap elementor-element-populated\">\n\t\t\t\t\t\t<div class=\"elementor-element elementor-element-7798e04 elementor-widget elementor-widget-text-editor\" data-id=\"7798e04\" data-element_type=\"widget\" data-e-type=\"widget\" data-widget_type=\"text-editor.default\">\n\t\t\t\t\t\t\t\t\t<p>Otra p\u00f3liza que usted debe revisar peri\u00f3dicamente es la del <strong>seguro de su casa<\/strong>. Muchas personas compran simplemente la cobertura que les exige el banco para otorgarles la hipoteca. Sin embargo, la cobertura exigida por el banco puede no ser la misma cobertura que usted necesite. Por ejemplo, si su hipoteca es de $200,000 y su casa vale $400,000, usted necesita una p\u00f3liza que cubra el valor de su casa, aunque el banco solo le exigir\u00e1 que tenga una por $200,000.<\/p>\t\t\t\t\t\t\t\t<\/div>\n\t\t\t\t\t<\/div>\n\t\t<\/div>\n\t\t\t\t\t<\/div>\n\t\t<\/section>\n\t\t\t\t<section class=\"elementor-section elementor-top-section elementor-element elementor-element-f46e5d2 elementor-section-boxed elementor-section-height-default elementor-section-height-default\" data-id=\"f46e5d2\" data-element_type=\"section\" data-e-type=\"section\">\n\t\t\t\t\t\t<div class=\"elementor-container elementor-column-gap-default\">\n\t\t\t\t\t<div class=\"elementor-column elementor-col-100 elementor-top-column elementor-element elementor-element-3fcebba\" data-id=\"3fcebba\" data-element_type=\"column\" data-e-type=\"column\">\n\t\t\t<div class=\"elementor-widget-wrap elementor-element-populated\">\n\t\t\t\t\t\t<div class=\"elementor-element elementor-element-3cf25d2 elementor-widget elementor-widget-text-editor\" data-id=\"3cf25d2\" data-element_type=\"widget\" data-e-type=\"widget\" data-widget_type=\"text-editor.default\">\n\t\t\t\t\t\t\t\t\t<p><em>* Presentaciones del Programa Radial \u201cGarantice su Futuro\u201d\u2122. Se escucha todos los lunes, mi\u00e9rcoles y viernes de 5 p.m. a 6 p.m. por la emisora WPAT 930AM. Los Sabados de 5:30 am a 6:00 am por la emisora Amor 93.1 FM y de 8 am a 9 am por Radio Wado 1280AM.<\/em><\/p><p><em>Conrado Gonz\u00e1lez es Presidente de Financial Benefits Corp.<\/em><\/p><p><em>Tel: (201) 867-2222<\/em><\/p><p><em>E-mail: info@garanticesufuturo.com<\/em><\/p>\t\t\t\t\t\t\t\t<\/div>\n\t\t\t\t\t<\/div>\n\t\t<\/div>\n\t\t\t\t\t<\/div>\n\t\t<\/section>\n\t\t\t\t<\/div>","protected":false},"excerpt":{"rendered":"<p>VOLVER AL BLOG \u00a1Revisa tus seguros! Revisar sus diferentes tipos de seguro es una tarea de todos los a\u00f1os. A nivel financiero, el mayor riesgo al que las personas estamos expuestos es a la reducci\u00f3n temporal de nuestros ingresos o al incremento inesperado de los gastos. Existen dos maneras para administrar el riesgo de incertidumbre [&hellip;]<\/p>\n","protected":false},"author":1,"featured_media":0,"parent":0,"menu_order":0,"comment_status":"closed","ping_status":"closed","template":"","meta":{"site-sidebar-layout":"no-sidebar","site-content-layout":"page-builder","ast-site-content-layout":"full-width-container","site-content-style":"default","site-sidebar-style":"default","ast-global-header-display":"","ast-banner-title-visibility":"","ast-main-header-display":"","ast-hfb-above-header-display":"","ast-hfb-below-header-display":"","ast-hfb-mobile-header-display":"","site-post-title":"disabled","ast-breadcrumbs-content":"","ast-featured-img":"disabled","footer-sml-layout":"","ast-disable-related-posts":"","theme-transparent-header-meta":"","adv-header-id-meta":"","stick-header-meta":"","header-above-stick-meta":"","header-main-stick-meta":"","header-below-stick-meta":"","astra-migrate-meta-layouts":"set","ast-page-background-enabled":"default","ast-page-background-meta":{"desktop":{"background-color":"","background-image":"","background-repeat":"repeat","background-position":"center center","background-size":"auto","background-attachment":"scroll","background-type":"","background-media":"","overlay-type":"","overlay-color":"","overlay-opacity":"","overlay-gradient":""},"tablet":{"background-color":"","background-image":"","background-repeat":"repeat","background-position":"center center","background-size":"auto","background-attachment":"scroll","background-type":"","background-media":"","overlay-type":"","overlay-color":"","overlay-opacity":"","overlay-gradient":""},"mobile":{"background-color":"","background-image":"","background-repeat":"repeat","background-position":"center center","background-size":"auto","background-attachment":"scroll","background-type":"","background-media":"","overlay-type":"","overlay-color":"","overlay-opacity":"","overlay-gradient":""}},"ast-content-background-meta":{"desktop":{"background-color":"var(--ast-global-color-5)","background-image":"","background-repeat":"repeat","background-position":"center center","background-size":"auto","background-attachment":"scroll","background-type":"","background-media":"","overlay-type":"","overlay-color":"","overlay-opacity":"","overlay-gradient":""},"tablet":{"background-color":"var(--ast-global-color-5)","background-image":"","background-repeat":"repeat","background-position":"center center","background-size":"auto","background-attachment":"scroll","background-type":"","background-media":"","overlay-type":"","overlay-color":"","overlay-opacity":"","overlay-gradient":""},"mobile":{"background-color":"var(--ast-global-color-5)","background-image":"","background-repeat":"repeat","background-position":"center center","background-size":"auto","background-attachment":"scroll","background-type":"","background-media":"","overlay-type":"","overlay-color":"","overlay-opacity":"","overlay-gradient":""}},"footnotes":""},"class_list":["post-3594","page","type-page","status-publish","hentry"],"_links":{"self":[{"href":"https:\/\/garanticesufuturo.com\/en\/wp-json\/wp\/v2\/pages\/3594","targetHints":{"allow":["GET"]}}],"collection":[{"href":"https:\/\/garanticesufuturo.com\/en\/wp-json\/wp\/v2\/pages"}],"about":[{"href":"https:\/\/garanticesufuturo.com\/en\/wp-json\/wp\/v2\/types\/page"}],"author":[{"embeddable":true,"href":"https:\/\/garanticesufuturo.com\/en\/wp-json\/wp\/v2\/users\/1"}],"replies":[{"embeddable":true,"href":"https:\/\/garanticesufuturo.com\/en\/wp-json\/wp\/v2\/comments?post=3594"}],"version-history":[{"count":4,"href":"https:\/\/garanticesufuturo.com\/en\/wp-json\/wp\/v2\/pages\/3594\/revisions"}],"predecessor-version":[{"id":3599,"href":"https:\/\/garanticesufuturo.com\/en\/wp-json\/wp\/v2\/pages\/3594\/revisions\/3599"}],"wp:attachment":[{"href":"https:\/\/garanticesufuturo.com\/en\/wp-json\/wp\/v2\/media?parent=3594"}],"curies":[{"name":"wp","href":"https:\/\/api.w.org\/{rel}","templated":true}]}}