{"id":3249,"date":"2024-07-08T22:10:16","date_gmt":"2024-07-08T22:10:16","guid":{"rendered":"https:\/\/garanticesufuturo.com\/?page_id=3249"},"modified":"2024-07-08T22:25:49","modified_gmt":"2024-07-08T22:25:49","slug":"regalos-del-gobierno-para-pagar-la-educacion-superior-de-sus-hijos","status":"publish","type":"page","link":"https:\/\/garanticesufuturo.com\/en\/regalos-del-gobierno-para-pagar-la-educacion-superior-de-sus-hijos\/","title":{"rendered":"Regalos del gobierno para pagar la educaci\u00f3n superior de sus hijos"},"content":{"rendered":"<div data-elementor-type=\"wp-page\" data-elementor-id=\"3249\" class=\"elementor elementor-3249\" data-elementor-post-type=\"page\">\n\t\t\t\t\t\t<section class=\"elementor-section elementor-top-section elementor-element elementor-element-53d620d elementor-section-boxed elementor-section-height-default elementor-section-height-default\" data-id=\"53d620d\" data-element_type=\"section\" data-e-type=\"section\">\n\t\t\t\t\t\t<div class=\"elementor-container elementor-column-gap-default\">\n\t\t\t\t\t<div class=\"elementor-column elementor-col-100 elementor-top-column elementor-element elementor-element-5931eac\" data-id=\"5931eac\" data-element_type=\"column\" data-e-type=\"column\">\n\t\t\t<div class=\"elementor-widget-wrap elementor-element-populated\">\n\t\t\t\t\t\t<div class=\"elementor-element elementor-element-d4bd2f5 elementor-widget elementor-widget-spacer\" data-id=\"d4bd2f5\" data-element_type=\"widget\" data-e-type=\"widget\" data-widget_type=\"spacer.default\">\n\t\t\t\t\t\t\t<div class=\"elementor-spacer\">\n\t\t\t<div class=\"elementor-spacer-inner\"><\/div>\n\t\t<\/div>\n\t\t\t\t\t\t<\/div>\n\t\t\t\t\t<\/div>\n\t\t<\/div>\n\t\t\t\t\t<\/div>\n\t\t<\/section>\n\t\t\t\t<section class=\"elementor-section elementor-top-section elementor-element elementor-element-94e4736 elementor-section-boxed elementor-section-height-default elementor-section-height-default\" data-id=\"94e4736\" data-element_type=\"section\" data-e-type=\"section\">\n\t\t\t\t\t\t<div class=\"elementor-container elementor-column-gap-default\">\n\t\t\t\t\t<div class=\"elementor-column elementor-col-100 elementor-top-column elementor-element elementor-element-fc04057\" data-id=\"fc04057\" data-element_type=\"column\" data-e-type=\"column\">\n\t\t\t<div class=\"elementor-widget-wrap\">\n\t\t\t\t\t\t\t<\/div>\n\t\t<\/div>\n\t\t\t\t\t<\/div>\n\t\t<\/section>\n\t\t\t\t<section class=\"elementor-section elementor-top-section elementor-element elementor-element-52ad233 elementor-section-boxed elementor-section-height-default elementor-section-height-default\" data-id=\"52ad233\" data-element_type=\"section\" data-e-type=\"section\">\n\t\t\t\t\t\t<div class=\"elementor-container elementor-column-gap-default\">\n\t\t\t\t\t<div class=\"elementor-column elementor-col-100 elementor-top-column elementor-element elementor-element-8a17358\" data-id=\"8a17358\" data-element_type=\"column\" data-e-type=\"column\">\n\t\t\t<div class=\"elementor-widget-wrap elementor-element-populated\">\n\t\t\t\t\t\t<div class=\"elementor-element elementor-element-c4913c0 elementor-widget elementor-widget-heading\" data-id=\"c4913c0\" data-element_type=\"widget\" data-e-type=\"widget\" data-widget_type=\"heading.default\">\n\t\t\t\t\t<h2 class=\"elementor-heading-title elementor-size-default\"><a href=\"https:\/\/garanticesufuturo.com\/en\/el-blog\/\">VOLVER AL BLOG<\/a><\/h2>\t\t\t\t<\/div>\n\t\t\t\t\t<\/div>\n\t\t<\/div>\n\t\t\t\t\t<\/div>\n\t\t<\/section>\n\t\t\t\t<section class=\"elementor-section elementor-top-section elementor-element elementor-element-b464a8a elementor-section-boxed elementor-section-height-default elementor-section-height-default\" data-id=\"b464a8a\" data-element_type=\"section\" data-e-type=\"section\">\n\t\t\t\t\t\t<div class=\"elementor-container elementor-column-gap-default\">\n\t\t\t\t\t<div class=\"elementor-column elementor-col-100 elementor-top-column elementor-element elementor-element-e12eb3f\" data-id=\"e12eb3f\" data-element_type=\"column\" data-e-type=\"column\">\n\t\t\t<div class=\"elementor-widget-wrap elementor-element-populated\">\n\t\t\t\t\t\t<div class=\"elementor-element elementor-element-b85de23 elementor-widget elementor-widget-heading\" data-id=\"b85de23\" data-element_type=\"widget\" data-e-type=\"widget\" data-widget_type=\"heading.default\">\n\t\t\t\t\t<h2 class=\"elementor-heading-title elementor-size-default\">Regalos del gobierno para pagar la educaci\u00f3n superior de sus hijos<\/h2>\t\t\t\t<\/div>\n\t\t\t\t\t<\/div>\n\t\t<\/div>\n\t\t\t\t\t<\/div>\n\t\t<\/section>\n\t\t\t\t<section class=\"elementor-section elementor-top-section elementor-element elementor-element-68ee143 elementor-section-boxed elementor-section-height-default elementor-section-height-default\" data-id=\"68ee143\" data-element_type=\"section\" data-e-type=\"section\">\n\t\t\t\t\t\t<div class=\"elementor-container elementor-column-gap-default\">\n\t\t\t\t\t<div class=\"elementor-column elementor-col-100 elementor-top-column elementor-element elementor-element-74f4f23\" data-id=\"74f4f23\" data-element_type=\"column\" data-e-type=\"column\">\n\t\t\t<div class=\"elementor-widget-wrap elementor-element-populated\">\n\t\t\t\t\t\t<div class=\"elementor-element elementor-element-8581485 elementor-widget elementor-widget-image\" data-id=\"8581485\" data-element_type=\"widget\" data-e-type=\"widget\" data-widget_type=\"image.default\">\n\t\t\t\t\t\t\t\t\t\t\t\t\t\t\t<img decoding=\"async\" data-src=\"https:\/\/garanticesufuturo.com\/wp-content\/uploads\/2024\/07\/490x1775-blog-07-scaled.jpg\" title=\"490&#215;1775 blog-07\" alt=\"490x1775 blog-07\" src=\"data:image\/svg+xml;base64,PHN2ZyB3aWR0aD0iMSIgaGVpZ2h0PSIxIiB4bWxucz0iaHR0cDovL3d3dy53My5vcmcvMjAwMC9zdmciPjwvc3ZnPg==\" class=\"lazyload\" style=\"--smush-placeholder-width: 2560px; --smush-placeholder-aspect-ratio: 2560\/707;\" \/>\t\t\t\t\t\t\t\t\t\t\t\t\t\t\t<\/div>\n\t\t\t\t\t<\/div>\n\t\t<\/div>\n\t\t\t\t\t<\/div>\n\t\t<\/section>\n\t\t\t\t<section class=\"elementor-section elementor-top-section elementor-element elementor-element-a0b68d3 elementor-section-boxed elementor-section-height-default elementor-section-height-default\" data-id=\"a0b68d3\" data-element_type=\"section\" data-e-type=\"section\">\n\t\t\t\t\t\t<div class=\"elementor-container elementor-column-gap-default\">\n\t\t\t\t\t<div class=\"elementor-column elementor-col-100 elementor-top-column elementor-element elementor-element-7e148de\" data-id=\"7e148de\" data-element_type=\"column\" data-e-type=\"column\">\n\t\t\t<div class=\"elementor-widget-wrap\">\n\t\t\t\t\t\t\t<\/div>\n\t\t<\/div>\n\t\t\t\t\t<\/div>\n\t\t<\/section>\n\t\t\t\t<section class=\"elementor-section elementor-top-section elementor-element elementor-element-1f3c6e9 elementor-section-boxed elementor-section-height-default elementor-section-height-default\" data-id=\"1f3c6e9\" data-element_type=\"section\" data-e-type=\"section\">\n\t\t\t\t\t\t<div class=\"elementor-container elementor-column-gap-default\">\n\t\t\t\t\t<div class=\"elementor-column elementor-col-100 elementor-top-column elementor-element elementor-element-d0c0534\" data-id=\"d0c0534\" data-element_type=\"column\" data-e-type=\"column\">\n\t\t\t<div class=\"elementor-widget-wrap elementor-element-populated\">\n\t\t\t\t\t\t<div class=\"elementor-element elementor-element-6100f7b elementor-widget elementor-widget-text-editor\" data-id=\"6100f7b\" data-element_type=\"widget\" data-e-type=\"widget\" data-widget_type=\"text-editor.default\">\n\t\t\t\t\t\t\t\t\t<p>Poder ofrecer la oportunidad de educaci\u00f3n superior a los hijos es sin lugar a dudas el principal anhelo de todo padre de familia. La buena noticia es que ese noble deseo tambi\u00e9n es compartido por el T\u00edo Sam, raz\u00f3n por la cual el Congreso ha aprobado la creaci\u00f3n de diferentes planes de ahorro con beneficios tributarios para hacer el sue\u00f1o de la educaci\u00f3n superior una realidad.<\/p>\t\t\t\t\t\t\t\t<\/div>\n\t\t\t\t\t<\/div>\n\t\t<\/div>\n\t\t\t\t\t<\/div>\n\t\t<\/section>\n\t\t\t\t<section class=\"elementor-section elementor-top-section elementor-element elementor-element-3a8bd05 elementor-section-boxed elementor-section-height-default elementor-section-height-default\" data-id=\"3a8bd05\" data-element_type=\"section\" data-e-type=\"section\">\n\t\t\t\t\t\t<div class=\"elementor-container elementor-column-gap-default\">\n\t\t\t\t\t<div class=\"elementor-column elementor-col-100 elementor-top-column elementor-element elementor-element-25686af\" data-id=\"25686af\" data-element_type=\"column\" data-e-type=\"column\">\n\t\t\t<div class=\"elementor-widget-wrap elementor-element-populated\">\n\t\t\t\t\t\t<div class=\"elementor-element elementor-element-1e15821 elementor-widget elementor-widget-text-editor\" data-id=\"1e15821\" data-element_type=\"widget\" data-e-type=\"widget\" data-widget_type=\"text-editor.default\">\n\t\t\t\t\t\t\t\t\t<p>Hoy en d\u00eda existen <strong>tres tipos de programas de ahorro para la educaci\u00f3n superior<\/strong> que ofrecen beneficios tributarios.\u00a0<\/p><p>Estos programas son:\u00a0<\/p><ul><li><strong>los planes 529, <\/strong><\/li><li><strong>las cuentas Coverdell y <\/strong><\/li><li><strong>las cuentas UGMA.\u00a0<\/strong><\/li><\/ul><p>Aunque los aportes hechos a estos planes no son deducibles de impuestos para los contribuyentes, las ganancias y los desembolsos provenientes de los mismos est\u00e1n libres de impuestos o pagan una tasa menor, siempre y cuando sean usados para cubrir gastos educativos.<\/p>\t\t\t\t\t\t\t\t<\/div>\n\t\t\t\t\t<\/div>\n\t\t<\/div>\n\t\t\t\t\t<\/div>\n\t\t<\/section>\n\t\t\t\t<section class=\"elementor-section elementor-top-section elementor-element elementor-element-4c6b659 elementor-section-boxed elementor-section-height-default elementor-section-height-default\" data-id=\"4c6b659\" data-element_type=\"section\" data-e-type=\"section\">\n\t\t\t\t\t\t<div class=\"elementor-container elementor-column-gap-default\">\n\t\t\t\t\t<div class=\"elementor-column elementor-col-100 elementor-top-column elementor-element elementor-element-054304a\" data-id=\"054304a\" data-element_type=\"column\" data-e-type=\"column\">\n\t\t\t<div class=\"elementor-widget-wrap elementor-element-populated\">\n\t\t\t\t\t\t<div class=\"elementor-element elementor-element-d588a28 elementor-widget elementor-widget-text-editor\" data-id=\"d588a28\" data-element_type=\"widget\" data-e-type=\"widget\" data-widget_type=\"text-editor.default\">\n\t\t\t\t\t\t\t\t\t<p>La <strong>cuentas Coverdell<\/strong>, que antes eran conocidas como los IRA\u2019s educativos, permiten ahorrar hasta $2,000 anualmente por beneficiario. Los rendimientos crecen libres de impuestos y los desembolsos, cuando usados para gastos educativos, tambi\u00e9n son libres de impuesto federal de renta. El propietario de los recursos es el beneficiario (el ni\u00f1o) por lo que los desembolsos son tenidos en cuenta al momento de solicitar ayuda financiera. Adem\u00e1s el beneficiario es quien determina el uso de los recursos, es decir, el ni\u00f1o o joven puede usar los recursos para gastos diferentes a educaci\u00f3n, si el o ella quisiera.<\/p><p>Cabe resaltar que las Coverdell permiten usar los recursos para pagar gastos educativos de educaci\u00f3n primaria, secundaria y superior. Estos gastos incluyen matriculas, libros y gastos relacionados con vivienda, entre otros.<\/p>\t\t\t\t\t\t\t\t<\/div>\n\t\t\t\t\t<\/div>\n\t\t<\/div>\n\t\t\t\t\t<\/div>\n\t\t<\/section>\n\t\t\t\t<section class=\"elementor-section elementor-top-section elementor-element elementor-element-a48db66 elementor-section-boxed elementor-section-height-default elementor-section-height-default\" data-id=\"a48db66\" data-element_type=\"section\" data-e-type=\"section\">\n\t\t\t\t\t\t<div class=\"elementor-container elementor-column-gap-default\">\n\t\t\t\t\t<div class=\"elementor-column elementor-col-100 elementor-top-column elementor-element elementor-element-ab1713b\" data-id=\"ab1713b\" data-element_type=\"column\" data-e-type=\"column\">\n\t\t\t<div class=\"elementor-widget-wrap elementor-element-populated\">\n\t\t\t\t\t\t<div class=\"elementor-element elementor-element-d1874fa elementor-widget elementor-widget-text-editor\" data-id=\"d1874fa\" data-element_type=\"widget\" data-e-type=\"widget\" data-widget_type=\"text-editor.default\">\n\t\t\t\t\t\t\t\t\t<p>Los <strong>Planes 529<\/strong> son programas de ahorro patrocinados por cada estado. Los recursos son administrados por compa\u00f1\u00edas de inversiones que ofrecen asesoria profesional para la inversi\u00f3n de los recursos. Las contribuciones m\u00e1ximas que se pueden hacer al plan de Nueva York son de $256,000 y para el de Nueva Jersey de $305,000. El dinero pertenece al contribuyente (el padre) por lo que no es incluido para el c\u00e1lculo de ayuda financiera del beneficiario. El contribuyente y no el beneficiario es quien determina el uso de los recursos. Las cuentas crecen libres de impuestos y los desembolsos tambi\u00e9n son libres de impuestos de renta federal y, en algunos casos, tambi\u00e9n estatal.<\/p><p>Tanto las cuentas Coverdell como los Planes 529 tienen la provisi\u00f3n de que si los dineros no son usados para gastos educativos, se incurre en una penalidad del 10% m\u00e1s la responsabilidad del pago de los impuestos sobre las ganancias.<\/p>\t\t\t\t\t\t\t\t<\/div>\n\t\t\t\t\t<\/div>\n\t\t<\/div>\n\t\t\t\t\t<\/div>\n\t\t<\/section>\n\t\t\t\t<section class=\"elementor-section elementor-top-section elementor-element elementor-element-1030d8c elementor-section-boxed elementor-section-height-default elementor-section-height-default\" data-id=\"1030d8c\" data-element_type=\"section\" data-e-type=\"section\">\n\t\t\t\t\t\t<div class=\"elementor-container elementor-column-gap-default\">\n\t\t\t\t\t<div class=\"elementor-column elementor-col-100 elementor-top-column elementor-element elementor-element-46b7a70\" data-id=\"46b7a70\" data-element_type=\"column\" data-e-type=\"column\">\n\t\t\t<div class=\"elementor-widget-wrap elementor-element-populated\">\n\t\t\t\t\t\t<div class=\"elementor-element elementor-element-1ab3e24 elementor-widget elementor-widget-text-editor\" data-id=\"1ab3e24\" data-element_type=\"widget\" data-e-type=\"widget\" data-widget_type=\"text-editor.default\">\n\t\t\t\t\t\t\t\t\t<p>Los <strong>planes UGMA<\/strong> (Ley unificada para regalos a menores), son cuentas que provienen de regalos que reciben los menores, con el objeto de reducir los impuestos pagados por los padres. A diferencia de los dos planes anteriores, el dinero en las cuentas UGMA no crece libre de impuestos sino que los rendimientos son taxados al nivel de impuestos del menor, que por lo general es inferior al de sus padres. En este caso, los fondos pertenecen al menor y por ende el es quien tiene la discreci\u00f3n para el uso de los mismos despu\u00e9s de que cumpla 18 a\u00f1os.<\/p>\t\t\t\t\t\t\t\t<\/div>\n\t\t\t\t\t<\/div>\n\t\t<\/div>\n\t\t\t\t\t<\/div>\n\t\t<\/section>\n\t\t\t\t<section class=\"elementor-section elementor-top-section elementor-element elementor-element-ce0c164 elementor-section-boxed elementor-section-height-default elementor-section-height-default\" data-id=\"ce0c164\" data-element_type=\"section\" data-e-type=\"section\">\n\t\t\t\t\t\t<div class=\"elementor-container elementor-column-gap-default\">\n\t\t\t\t\t<div class=\"elementor-column elementor-col-100 elementor-top-column elementor-element elementor-element-6d4cc01\" data-id=\"6d4cc01\" data-element_type=\"column\" data-e-type=\"column\">\n\t\t\t<div class=\"elementor-widget-wrap elementor-element-populated\">\n\t\t\t\t\t\t<div class=\"elementor-element elementor-element-1d1a4e4 elementor-widget elementor-widget-spacer\" data-id=\"1d1a4e4\" data-element_type=\"widget\" data-e-type=\"widget\" data-widget_type=\"spacer.default\">\n\t\t\t\t\t\t\t<div class=\"elementor-spacer\">\n\t\t\t<div class=\"elementor-spacer-inner\"><\/div>\n\t\t<\/div>\n\t\t\t\t\t\t<\/div>\n\t\t\t\t\t<\/div>\n\t\t<\/div>\n\t\t\t\t\t<\/div>\n\t\t<\/section>\n\t\t\t\t<section class=\"elementor-section elementor-top-section elementor-element elementor-element-f46e5d2 elementor-section-boxed elementor-section-height-default elementor-section-height-default\" data-id=\"f46e5d2\" data-element_type=\"section\" data-e-type=\"section\">\n\t\t\t\t\t\t<div class=\"elementor-container elementor-column-gap-default\">\n\t\t\t\t\t<div class=\"elementor-column elementor-col-100 elementor-top-column elementor-element elementor-element-3fcebba\" data-id=\"3fcebba\" data-element_type=\"column\" data-e-type=\"column\">\n\t\t\t<div class=\"elementor-widget-wrap elementor-element-populated\">\n\t\t\t\t\t\t<div class=\"elementor-element elementor-element-3cf25d2 elementor-widget elementor-widget-text-editor\" data-id=\"3cf25d2\" data-element_type=\"widget\" data-e-type=\"widget\" data-widget_type=\"text-editor.default\">\n\t\t\t\t\t\t\t\t\t<p><em>* Presentaciones del Programa Radial \u201cGarantice su Futuro\u201d\u2122. Se escucha todos los lunes, mi\u00e9rcoles y viernes de 5 p.m. a 6 p.m. por la emisora WPAT 930AM. Los Sabados de 5:30 am a 6:00 am por la emisora Amor 93.1 FM y de 8 am a 9 am por Radio Wado 1280AM.<\/em><\/p><p><em>Conrado Gonz\u00e1lez es Presidente de Financial Benefits Corp.<\/em><\/p><p><em>Tel: (201) 867-2222<\/em><\/p><p><em>E-mail: info@garanticesufuturo.com<\/em><\/p>\t\t\t\t\t\t\t\t<\/div>\n\t\t\t\t\t<\/div>\n\t\t<\/div>\n\t\t\t\t\t<\/div>\n\t\t<\/section>\n\t\t\t\t<\/div>","protected":false},"excerpt":{"rendered":"<p>VOLVER AL BLOG Regalos del gobierno para pagar la educaci\u00f3n superior de sus hijos Poder ofrecer la oportunidad de educaci\u00f3n superior a los hijos es sin lugar a dudas el principal anhelo de todo padre de familia. La buena noticia es que ese noble deseo tambi\u00e9n es compartido por el T\u00edo Sam, raz\u00f3n por la [&hellip;]<\/p>\n","protected":false},"author":1,"featured_media":0,"parent":0,"menu_order":0,"comment_status":"closed","ping_status":"closed","template":"","meta":{"site-sidebar-layout":"no-sidebar","site-content-layout":"page-builder","ast-site-content-layout":"full-width-container","site-content-style":"default","site-sidebar-style":"default","ast-global-header-display":"","ast-banner-title-visibility":"","ast-main-header-display":"","ast-hfb-above-header-display":"","ast-hfb-below-header-display":"","ast-hfb-mobile-header-display":"","site-post-title":"disabled","ast-breadcrumbs-content":"","ast-featured-img":"disabled","footer-sml-layout":"","ast-disable-related-posts":"","theme-transparent-header-meta":"","adv-header-id-meta":"","stick-header-meta":"","header-above-stick-meta":"","header-main-stick-meta":"","header-below-stick-meta":"","astra-migrate-meta-layouts":"set","ast-page-background-enabled":"default","ast-page-background-meta":{"desktop":{"background-color":"","background-image":"","background-repeat":"repeat","background-position":"center center","background-size":"auto","background-attachment":"scroll","background-type":"","background-media":"","overlay-type":"","overlay-color":"","overlay-opacity":"","overlay-gradient":""},"tablet":{"background-color":"","background-image":"","background-repeat":"repeat","background-position":"center center","background-size":"auto","background-attachment":"scroll","background-type":"","background-media":"","overlay-type":"","overlay-color":"","overlay-opacity":"","overlay-gradient":""},"mobile":{"background-color":"","background-image":"","background-repeat":"repeat","background-position":"center center","background-size":"auto","background-attachment":"scroll","background-type":"","background-media":"","overlay-type":"","overlay-color":"","overlay-opacity":"","overlay-gradient":""}},"ast-content-background-meta":{"desktop":{"background-color":"var(--ast-global-color-5)","background-image":"","background-repeat":"repeat","background-position":"center center","background-size":"auto","background-attachment":"scroll","background-type":"","background-media":"","overlay-type":"","overlay-color":"","overlay-opacity":"","overlay-gradient":""},"tablet":{"background-color":"var(--ast-global-color-5)","background-image":"","background-repeat":"repeat","background-position":"center center","background-size":"auto","background-attachment":"scroll","background-type":"","background-media":"","overlay-type":"","overlay-color":"","overlay-opacity":"","overlay-gradient":""},"mobile":{"background-color":"var(--ast-global-color-5)","background-image":"","background-repeat":"repeat","background-position":"center center","background-size":"auto","background-attachment":"scroll","background-type":"","background-media":"","overlay-type":"","overlay-color":"","overlay-opacity":"","overlay-gradient":""}},"footnotes":""},"class_list":["post-3249","page","type-page","status-publish","hentry"],"_links":{"self":[{"href":"https:\/\/garanticesufuturo.com\/en\/wp-json\/wp\/v2\/pages\/3249","targetHints":{"allow":["GET"]}}],"collection":[{"href":"https:\/\/garanticesufuturo.com\/en\/wp-json\/wp\/v2\/pages"}],"about":[{"href":"https:\/\/garanticesufuturo.com\/en\/wp-json\/wp\/v2\/types\/page"}],"author":[{"embeddable":true,"href":"https:\/\/garanticesufuturo.com\/en\/wp-json\/wp\/v2\/users\/1"}],"replies":[{"embeddable":true,"href":"https:\/\/garanticesufuturo.com\/en\/wp-json\/wp\/v2\/comments?post=3249"}],"version-history":[{"count":8,"href":"https:\/\/garanticesufuturo.com\/en\/wp-json\/wp\/v2\/pages\/3249\/revisions"}],"predecessor-version":[{"id":3262,"href":"https:\/\/garanticesufuturo.com\/en\/wp-json\/wp\/v2\/pages\/3249\/revisions\/3262"}],"wp:attachment":[{"href":"https:\/\/garanticesufuturo.com\/en\/wp-json\/wp\/v2\/media?parent=3249"}],"curies":[{"name":"wp","href":"https:\/\/api.w.org\/{rel}","templated":true}]}}