{"id":1469,"date":"2022-06-20T18:27:13","date_gmt":"2022-06-20T18:27:13","guid":{"rendered":"https:\/\/garanticesufuturo.com\/?page_id=1469"},"modified":"2024-01-25T15:04:16","modified_gmt":"2024-01-25T15:04:16","slug":"eliminacion-deudas","status":"publish","type":"page","link":"https:\/\/garanticesufuturo.com\/en\/eliminacion-deudas\/","title":{"rendered":"Eliminacion deudas"},"content":{"rendered":"<div data-elementor-type=\"wp-page\" data-elementor-id=\"1469\" class=\"elementor elementor-1469\" data-elementor-post-type=\"page\">\n\t\t\t\t\t\t<section class=\"elementor-section elementor-top-section elementor-element elementor-element-addbe61 elementor-section-boxed elementor-section-height-default elementor-section-height-default\" data-id=\"addbe61\" data-element_type=\"section\" data-e-type=\"section\">\n\t\t\t\t\t\t<div class=\"elementor-container elementor-column-gap-default\">\n\t\t\t\t\t<div class=\"elementor-column elementor-col-100 elementor-top-column elementor-element elementor-element-ebacd91\" data-id=\"ebacd91\" data-element_type=\"column\" data-e-type=\"column\">\n\t\t\t<div class=\"elementor-widget-wrap elementor-element-populated\">\n\t\t\t\t\t\t<div class=\"elementor-element elementor-element-a93f624 elementor-widget elementor-widget-image\" data-id=\"a93f624\" data-element_type=\"widget\" data-e-type=\"widget\" data-widget_type=\"image.default\">\n\t\t\t\t\t\t\t\t\t\t\t\t\t\t\t<img fetchpriority=\"high\" decoding=\"async\" width=\"1600\" height=\"200\" src=\"https:\/\/garanticesufuturo.com\/wp-content\/uploads\/2025\/06\/1EN-Asesoria-Financiera-1200-\u00d7-200-px-1600-\u00d7-200-px.png\" class=\"attachment-full size-full wp-image-1472\" alt=\"Elimina tu deuda\" srcset=\"https:\/\/garanticesufuturo.com\/wp-content\/uploads\/2025\/06\/1EN-Asesoria-Financiera-1200-\u00d7-200-px-1600-\u00d7-200-px.png 1600w, https:\/\/garanticesufuturo.com\/wp-content\/uploads\/2025\/06\/1EN-Asesoria-Financiera-1200-\u00d7-200-px-1600-\u00d7-200-px-300x38.png 300w, https:\/\/garanticesufuturo.com\/wp-content\/uploads\/2025\/06\/1EN-Asesoria-Financiera-1200-\u00d7-200-px-1600-\u00d7-200-px-1024x128.png 1024w, https:\/\/garanticesufuturo.com\/wp-content\/uploads\/2025\/06\/1EN-Asesoria-Financiera-1200-\u00d7-200-px-1600-\u00d7-200-px-768x96.png 768w, https:\/\/garanticesufuturo.com\/wp-content\/uploads\/2025\/06\/1EN-Asesoria-Financiera-1200-\u00d7-200-px-1600-\u00d7-200-px-1536x192.png 1536w, https:\/\/garanticesufuturo.com\/wp-content\/uploads\/2025\/06\/1EN-Asesoria-Financiera-1200-\u00d7-200-px-1600-\u00d7-200-px-18x2.png 18w\" sizes=\"(max-width: 1600px) 100vw, 1600px\" \/>\t\t\t\t\t\t\t\t\t\t\t\t\t\t\t<\/div>\n\t\t\t\t\t<\/div>\n\t\t<\/div>\n\t\t\t\t\t<\/div>\n\t\t<\/section>\n\t\t\t\t<section class=\"elementor-section elementor-top-section elementor-element elementor-element-d2ac11e elementor-section-boxed elementor-section-height-default elementor-section-height-default\" data-id=\"d2ac11e\" data-element_type=\"section\" data-e-type=\"section\">\n\t\t\t\t\t\t<div class=\"elementor-container elementor-column-gap-default\">\n\t\t\t\t\t<div class=\"elementor-column elementor-col-33 elementor-top-column elementor-element elementor-element-17e0451\" data-id=\"17e0451\" data-element_type=\"column\" data-e-type=\"column\">\n\t\t\t<div class=\"elementor-widget-wrap\">\n\t\t\t\t\t\t\t<\/div>\n\t\t<\/div>\n\t\t\t\t<div class=\"elementor-column elementor-col-33 elementor-top-column elementor-element elementor-element-0df6099\" data-id=\"0df6099\" data-element_type=\"column\" data-e-type=\"column\">\n\t\t\t<div class=\"elementor-widget-wrap elementor-element-populated\">\n\t\t\t\t\t\t<div class=\"elementor-element elementor-element-391cded elementor-widget elementor-widget-text-editor\" data-id=\"391cded\" data-element_type=\"widget\" data-e-type=\"widget\" data-widget_type=\"text-editor.default\">\n\t\t\t\t\t\t\t\t\t<p>When we talk about negotiating directly with creditors, we mean \u201cpaying in full and immediately\u201d accounts that are past due, in collections, or possibly already have civil lawsuits.<\/p><p>Creditors are generally willing to reduce and cancel debts as long as a full cash payment is made.<\/p><p>When a bank sells an account to a collection agency, it does so for a fraction of the original amount. When the account is in collection, it's much easier to negotiate a reduction in the debt payment because the collection agency bought it for much less than the original value. We've achieved debt reductions for our clients of up to less than 50%.<\/p>\t\t\t\t\t\t\t\t<\/div>\n\t\t\t\t\t<\/div>\n\t\t<\/div>\n\t\t\t\t<div class=\"elementor-column elementor-col-33 elementor-top-column elementor-element elementor-element-a3ea7b7\" data-id=\"a3ea7b7\" data-element_type=\"column\" data-e-type=\"column\">\n\t\t\t<div class=\"elementor-widget-wrap\">\n\t\t\t\t\t\t\t<\/div>\n\t\t<\/div>\n\t\t\t\t\t<\/div>\n\t\t<\/section>\n\t\t\t\t<section class=\"elementor-section elementor-top-section elementor-element elementor-element-a637f9b elementor-section-boxed elementor-section-height-default elementor-section-height-default\" data-id=\"a637f9b\" data-element_type=\"section\" data-e-type=\"section\">\n\t\t\t\t\t\t<div class=\"elementor-container elementor-column-gap-default\">\n\t\t\t\t\t<div class=\"elementor-column elementor-col-33 elementor-top-column elementor-element elementor-element-425bace\" data-id=\"425bace\" data-element_type=\"column\" data-e-type=\"column\">\n\t\t\t<div class=\"elementor-widget-wrap\">\n\t\t\t\t\t\t\t<\/div>\n\t\t<\/div>\n\t\t\t\t<div class=\"elementor-column elementor-col-33 elementor-top-column elementor-element elementor-element-83e074c\" data-id=\"83e074c\" data-element_type=\"column\" data-e-type=\"column\">\n\t\t\t<div class=\"elementor-widget-wrap elementor-element-populated\">\n\t\t\t\t\t\t<div class=\"elementor-element elementor-element-c8d0cbf elementor-widget elementor-widget-image\" data-id=\"c8d0cbf\" data-element_type=\"widget\" data-e-type=\"widget\" data-widget_type=\"image.default\">\n\t\t\t\t\t\t\t\t\t\t\t\t\t\t\t<img decoding=\"async\" width=\"1024\" height=\"516\" data-src=\"https:\/\/garanticesufuturo.com\/wp-content\/uploads\/2024\/01\/Solucion-deudas-Garantice-su-futuro-1024x516.jpg\" class=\"attachment-large size-large wp-image-1905 lazyload\" alt=\"Como salir de deudas\" data-srcset=\"https:\/\/garanticesufuturo.com\/wp-content\/uploads\/2024\/01\/Solucion-deudas-Garantice-su-futuro-1024x516.jpg 1024w, https:\/\/garanticesufuturo.com\/wp-content\/uploads\/2024\/01\/Solucion-deudas-Garantice-su-futuro-300x151.jpg 300w, https:\/\/garanticesufuturo.com\/wp-content\/uploads\/2024\/01\/Solucion-deudas-Garantice-su-futuro-768x387.jpg 768w, https:\/\/garanticesufuturo.com\/wp-content\/uploads\/2024\/01\/Solucion-deudas-Garantice-su-futuro-1536x773.jpg 1536w, https:\/\/garanticesufuturo.com\/wp-content\/uploads\/2024\/01\/Solucion-deudas-Garantice-su-futuro-18x9.jpg 18w, https:\/\/garanticesufuturo.com\/wp-content\/uploads\/2024\/01\/Solucion-deudas-Garantice-su-futuro.jpg 1754w\" data-sizes=\"(max-width: 1024px) 100vw, 1024px\" src=\"data:image\/svg+xml;base64,PHN2ZyB3aWR0aD0iMSIgaGVpZ2h0PSIxIiB4bWxucz0iaHR0cDovL3d3dy53My5vcmcvMjAwMC9zdmciPjwvc3ZnPg==\" style=\"--smush-placeholder-width: 1024px; --smush-placeholder-aspect-ratio: 1024\/516;\" \/>\t\t\t\t\t\t\t\t\t\t\t\t\t\t\t<\/div>\n\t\t\t\t\t<\/div>\n\t\t<\/div>\n\t\t\t\t<div class=\"elementor-column elementor-col-33 elementor-top-column elementor-element elementor-element-f6d3ac6\" data-id=\"f6d3ac6\" data-element_type=\"column\" data-e-type=\"column\">\n\t\t\t<div class=\"elementor-widget-wrap\">\n\t\t\t\t\t\t\t<\/div>\n\t\t<\/div>\n\t\t\t\t\t<\/div>\n\t\t<\/section>\n\t\t\t\t<section class=\"elementor-section elementor-top-section elementor-element elementor-element-0ee4da0 elementor-section-boxed elementor-section-height-default elementor-section-height-default\" data-id=\"0ee4da0\" data-element_type=\"section\" data-e-type=\"section\">\n\t\t\t\t\t\t<div class=\"elementor-container elementor-column-gap-default\">\n\t\t\t\t\t<div class=\"elementor-column elementor-col-33 elementor-top-column elementor-element elementor-element-e1eb61a\" data-id=\"e1eb61a\" data-element_type=\"column\" data-e-type=\"column\">\n\t\t\t<div class=\"elementor-widget-wrap\">\n\t\t\t\t\t\t\t<\/div>\n\t\t<\/div>\n\t\t\t\t<div class=\"elementor-column elementor-col-33 elementor-top-column elementor-element elementor-element-dc9a766\" data-id=\"dc9a766\" data-element_type=\"column\" data-e-type=\"column\">\n\t\t\t<div class=\"elementor-widget-wrap elementor-element-populated\">\n\t\t\t\t\t\t<div class=\"elementor-element elementor-element-efd56b6 elementor-widget elementor-widget-text-editor\" data-id=\"efd56b6\" data-element_type=\"widget\" data-e-type=\"widget\" data-widget_type=\"text-editor.default\">\n\t\t\t\t\t\t\t\t\t<p>Likewise, second mortgages and home equity lines of credit have a strong incentive to negotiate principal reduction. In most cases, when a property goes into foreclosure or a person files for bankruptcy and surrenders the home, the bank holding the second mortgage and home equity lines of credit doesn't receive a single cent. For this reason, these debts can be reduced by up to 10% of the balance.<\/p><p>To improve your credit score, collections must be paid in full. Otherwise, if you enter into an installment payment agreement, your credit score will decrease, and the account will remain in collections until you pay it off.<\/p>\t\t\t\t\t\t\t\t<\/div>\n\t\t\t\t\t<\/div>\n\t\t<\/div>\n\t\t\t\t<div class=\"elementor-column elementor-col-33 elementor-top-column elementor-element elementor-element-aa28b92\" data-id=\"aa28b92\" data-element_type=\"column\" data-e-type=\"column\">\n\t\t\t<div class=\"elementor-widget-wrap\">\n\t\t\t\t\t\t\t<\/div>\n\t\t<\/div>\n\t\t\t\t\t<\/div>\n\t\t<\/section>\n\t\t\t\t<section class=\"elementor-section elementor-top-section elementor-element elementor-element-66a36cd elementor-section-boxed elementor-section-height-default elementor-section-height-default\" data-id=\"66a36cd\" data-element_type=\"section\" data-e-type=\"section\">\n\t\t\t\t\t\t<div class=\"elementor-container elementor-column-gap-default\">\n\t\t\t\t\t<div class=\"elementor-column elementor-col-100 elementor-top-column elementor-element elementor-element-4874a21\" data-id=\"4874a21\" data-element_type=\"column\" data-e-type=\"column\">\n\t\t\t<div class=\"elementor-widget-wrap elementor-element-populated\">\n\t\t\t\t\t\t<div class=\"elementor-element elementor-element-716d386 elementor-widget elementor-widget-image\" data-id=\"716d386\" data-element_type=\"widget\" data-e-type=\"widget\" data-widget_type=\"image.default\">\n\t\t\t\t\t\t\t\t\t\t\t\t\t\t\t<img decoding=\"async\" width=\"1600\" height=\"200\" data-src=\"https:\/\/garanticesufuturo.com\/wp-content\/uploads\/2025\/06\/en-Asesoria-Financiera-1200-\u00d7-200-px-1600-\u00d7-200-px-1.png\" class=\"attachment-full size-full wp-image-1477 lazyload\" alt=\"adventencia banner\" data-srcset=\"https:\/\/garanticesufuturo.com\/wp-content\/uploads\/2025\/06\/en-Asesoria-Financiera-1200-\u00d7-200-px-1600-\u00d7-200-px-1.png 1600w, https:\/\/garanticesufuturo.com\/wp-content\/uploads\/2025\/06\/en-Asesoria-Financiera-1200-\u00d7-200-px-1600-\u00d7-200-px-1-300x38.png 300w, https:\/\/garanticesufuturo.com\/wp-content\/uploads\/2025\/06\/en-Asesoria-Financiera-1200-\u00d7-200-px-1600-\u00d7-200-px-1-1024x128.png 1024w, https:\/\/garanticesufuturo.com\/wp-content\/uploads\/2025\/06\/en-Asesoria-Financiera-1200-\u00d7-200-px-1600-\u00d7-200-px-1-768x96.png 768w, https:\/\/garanticesufuturo.com\/wp-content\/uploads\/2025\/06\/en-Asesoria-Financiera-1200-\u00d7-200-px-1600-\u00d7-200-px-1-1536x192.png 1536w, https:\/\/garanticesufuturo.com\/wp-content\/uploads\/2025\/06\/en-Asesoria-Financiera-1200-\u00d7-200-px-1600-\u00d7-200-px-1-18x2.png 18w\" data-sizes=\"(max-width: 1600px) 100vw, 1600px\" src=\"data:image\/svg+xml;base64,PHN2ZyB3aWR0aD0iMSIgaGVpZ2h0PSIxIiB4bWxucz0iaHR0cDovL3d3dy53My5vcmcvMjAwMC9zdmciPjwvc3ZnPg==\" style=\"--smush-placeholder-width: 1600px; --smush-placeholder-aspect-ratio: 1600\/200;\" \/>\t\t\t\t\t\t\t\t\t\t\t\t\t\t\t<\/div>\n\t\t\t\t\t<\/div>\n\t\t<\/div>\n\t\t\t\t\t<\/div>\n\t\t<\/section>\n\t\t\t\t<section class=\"elementor-section elementor-top-section elementor-element elementor-element-a4539ef elementor-section-boxed elementor-section-height-default elementor-section-height-default\" data-id=\"a4539ef\" data-element_type=\"section\" data-e-type=\"section\">\n\t\t\t\t\t\t<div class=\"elementor-container elementor-column-gap-default\">\n\t\t\t\t\t<div class=\"elementor-column elementor-col-33 elementor-top-column elementor-element elementor-element-664c8ee\" data-id=\"664c8ee\" data-element_type=\"column\" data-e-type=\"column\">\n\t\t\t<div class=\"elementor-widget-wrap\">\n\t\t\t\t\t\t\t<\/div>\n\t\t<\/div>\n\t\t\t\t<div class=\"elementor-column elementor-col-33 elementor-top-column elementor-element elementor-element-5eabbd3\" data-id=\"5eabbd3\" data-element_type=\"column\" data-e-type=\"column\">\n\t\t\t<div class=\"elementor-widget-wrap elementor-element-populated\">\n\t\t\t\t\t\t<div class=\"elementor-element elementor-element-590776d elementor-widget elementor-widget-text-editor\" data-id=\"590776d\" data-element_type=\"widget\" data-e-type=\"widget\" data-widget_type=\"text-editor.default\">\n\t\t\t\t\t\t\t\t\t<p>When you negotiate the accounts yourself:<\/p><ul><li>For the sake of protecting your personal information, you should never provide information over the phone to individuals or collection agencies who call you seeking payment. You never know if the calls are real or from a scammer. Likewise, if you receive letters from collection agencies, you should respond within 30 days and request a copy of the original bill signed by you as proof of the claim.<\/li><\/ul><ul><li>Likewise, trying to make a partial payment on an inactive account can raise eyebrows with the creditor, who may resume their interest in recovering the money and initiate legal proceedings against you. A judgment against you is more damaging to your credit score than a forgotten account.<\/li><\/ul><ul><li>Avoid debt settlement companies that promise to cut your debts in half and offer a payment plan. They're lying to you! These companies offer to cut the balance on current credit cards in half, and even offer to pay the balance in small monthly payments. What these companies do is collect your money, not pay your bills, and let them go to collections. These companies have been heavily investigated and sanctioned for these business practices.<\/li><\/ul><p>There are several legal implications that must be taken into account when negotiating or speaking with a creditor. For this reason, we always recommend that you use the services of an attorney to negotiate your debts, unless you have sufficient legal skills and knowledge to negotiate them.<\/p>\t\t\t\t\t\t\t\t<\/div>\n\t\t\t\t\t<\/div>\n\t\t<\/div>\n\t\t\t\t<div class=\"elementor-column elementor-col-33 elementor-top-column elementor-element elementor-element-094b206\" data-id=\"094b206\" data-element_type=\"column\" data-e-type=\"column\">\n\t\t\t<div class=\"elementor-widget-wrap\">\n\t\t\t\t\t\t\t<\/div>\n\t\t<\/div>\n\t\t\t\t\t<\/div>\n\t\t<\/section>\n\t\t\t\t<section class=\"elementor-section elementor-top-section elementor-element elementor-element-2a6f91c elementor-section-boxed elementor-section-height-default elementor-section-height-default\" data-id=\"2a6f91c\" data-element_type=\"section\" data-e-type=\"section\">\n\t\t\t\t\t\t<div class=\"elementor-container elementor-column-gap-default\">\n\t\t\t\t\t<div class=\"elementor-column elementor-col-100 elementor-top-column elementor-element elementor-element-9840aca\" data-id=\"9840aca\" data-element_type=\"column\" data-e-type=\"column\">\n\t\t\t<div class=\"elementor-widget-wrap elementor-element-populated\">\n\t\t\t\t\t\t<div class=\"elementor-element elementor-element-97ecf53 elementor-widget elementor-widget-image\" data-id=\"97ecf53\" data-element_type=\"widget\" data-e-type=\"widget\" data-widget_type=\"image.default\">\n\t\t\t\t\t\t\t\t\t\t\t\t\t\t\t\t<a href=\"https:\/\/agendatucitacongarantice.as.me\/\" target=\"_blank\">\n\t\t\t\t\t\t\t<img decoding=\"async\" width=\"1600\" height=\"300\" data-src=\"https:\/\/garanticesufuturo.com\/wp-content\/uploads\/2025\/06\/3-asesoria-financiera-1200-200px-1-1024x171-1.png\" class=\"attachment-full size-full wp-image-1464 lazyload\" alt=\"agenda una cita\" data-srcset=\"https:\/\/garanticesufuturo.com\/wp-content\/uploads\/2025\/06\/3-asesoria-financiera-1200-200px-1-1024x171-1.png 1024w, https:\/\/garanticesufuturo.com\/wp-content\/uploads\/2025\/06\/3-asesoria-financiera-1200-200px-1-1024x171-1-300x50.png 300w, https:\/\/garanticesufuturo.com\/wp-content\/uploads\/2025\/06\/3-asesoria-financiera-1200-200px-1-1024x171-1-768x128.png 768w, https:\/\/garanticesufuturo.com\/wp-content\/uploads\/2025\/06\/3-asesoria-financiera-1200-200px-1-1024x171-1-18x3.png 18w\" data-sizes=\"(max-width: 1600px) 100vw, 1600px\" src=\"data:image\/svg+xml;base64,PHN2ZyB3aWR0aD0iMSIgaGVpZ2h0PSIxIiB4bWxucz0iaHR0cDovL3d3dy53My5vcmcvMjAwMC9zdmciPjwvc3ZnPg==\" style=\"--smush-placeholder-width: 1600px; --smush-placeholder-aspect-ratio: 1600\/300;\" \/>\t\t\t\t\t\t\t\t<\/a>\n\t\t\t\t\t\t\t\t\t\t\t\t\t\t\t<\/div>\n\t\t\t\t\t<\/div>\n\t\t<\/div>\n\t\t\t\t\t<\/div>\n\t\t<\/section>\n\t\t\t\t<\/div>","protected":false},"excerpt":{"rendered":"<p>Cuando hablamos de negociar directamente con los acreedores, nos referimos a \u201cpagar por completo y de inmediato\u201d cuentas que est\u00e1n atrasadas, en colecci\u00f3n o posiblemente ya tienen juicios civiles. Generalmente los acreedores est\u00e1n dispuestos a reducir la deuda y a cancelarla en la medida en que se haga un pago completo en efectivo. Cuando un [&hellip;]<\/p>\n","protected":false},"author":1,"featured_media":0,"parent":0,"menu_order":0,"comment_status":"closed","ping_status":"closed","template":"","meta":{"site-sidebar-layout":"no-sidebar","site-content-layout":"page-builder","ast-site-content-layout":"default","site-content-style":"default","site-sidebar-style":"default","ast-global-header-display":"","ast-banner-title-visibility":"","ast-main-header-display":"","ast-hfb-above-header-display":"","ast-hfb-below-header-display":"","ast-hfb-mobile-header-display":"","site-post-title":"disabled","ast-breadcrumbs-content":"","ast-featured-img":"disabled","footer-sml-layout":"","ast-disable-related-posts":"","theme-transparent-header-meta":"","adv-header-id-meta":"","stick-header-meta":"","header-above-stick-meta":"","header-main-stick-meta":"","header-below-stick-meta":"","astra-migrate-meta-layouts":"default","ast-page-background-enabled":"default","ast-page-background-meta":{"desktop":{"background-color":"","background-image":"","background-repeat":"repeat","background-position":"center center","background-size":"auto","background-attachment":"scroll","background-type":"","background-media":"","overlay-type":"","overlay-color":"","overlay-opacity":"","overlay-gradient":""},"tablet":{"background-color":"","background-image":"","background-repeat":"repeat","background-position":"center center","background-size":"auto","background-attachment":"scroll","background-type":"","background-media":"","overlay-type":"","overlay-color":"","overlay-opacity":"","overlay-gradient":""},"mobile":{"background-color":"","background-image":"","background-repeat":"repeat","background-position":"center center","background-size":"auto","background-attachment":"scroll","background-type":"","background-media":"","overlay-type":"","overlay-color":"","overlay-opacity":"","overlay-gradient":""}},"ast-content-background-meta":{"desktop":{"background-color":"var(--ast-global-color-5)","background-image":"","background-repeat":"repeat","background-position":"center center","background-size":"auto","background-attachment":"scroll","background-type":"","background-media":"","overlay-type":"","overlay-color":"","overlay-opacity":"","overlay-gradient":""},"tablet":{"background-color":"var(--ast-global-color-5)","background-image":"","background-repeat":"repeat","background-position":"center center","background-size":"auto","background-attachment":"scroll","background-type":"","background-media":"","overlay-type":"","overlay-color":"","overlay-opacity":"","overlay-gradient":""},"mobile":{"background-color":"var(--ast-global-color-5)","background-image":"","background-repeat":"repeat","background-position":"center center","background-size":"auto","background-attachment":"scroll","background-type":"","background-media":"","overlay-type":"","overlay-color":"","overlay-opacity":"","overlay-gradient":""}},"footnotes":""},"class_list":["post-1469","page","type-page","status-publish","hentry"],"_links":{"self":[{"href":"https:\/\/garanticesufuturo.com\/en\/wp-json\/wp\/v2\/pages\/1469","targetHints":{"allow":["GET"]}}],"collection":[{"href":"https:\/\/garanticesufuturo.com\/en\/wp-json\/wp\/v2\/pages"}],"about":[{"href":"https:\/\/garanticesufuturo.com\/en\/wp-json\/wp\/v2\/types\/page"}],"author":[{"embeddable":true,"href":"https:\/\/garanticesufuturo.com\/en\/wp-json\/wp\/v2\/users\/1"}],"replies":[{"embeddable":true,"href":"https:\/\/garanticesufuturo.com\/en\/wp-json\/wp\/v2\/comments?post=1469"}],"version-history":[{"count":25,"href":"https:\/\/garanticesufuturo.com\/en\/wp-json\/wp\/v2\/pages\/1469\/revisions"}],"predecessor-version":[{"id":3794,"href":"https:\/\/garanticesufuturo.com\/en\/wp-json\/wp\/v2\/pages\/1469\/revisions\/3794"}],"wp:attachment":[{"href":"https:\/\/garanticesufuturo.com\/en\/wp-json\/wp\/v2\/media?parent=1469"}],"curies":[{"name":"wp","href":"https:\/\/api.w.org\/{rel}","templated":true}]}}